{"id":203,"date":"2019-06-24T14:59:30","date_gmt":"2019-06-24T14:59:30","guid":{"rendered":"https:\/\/www.smart-technology.uk.com\/?page_id=203"},"modified":"2019-07-18T12:02:03","modified_gmt":"2019-07-18T12:02:03","slug":"professionnels","status":"publish","type":"page","link":"https:\/\/www.smart-technology.uk.com\/fr\/professionnels\/","title":{"rendered":"Professionnels"},"content":{"rendered":"<div class=\"wpb-content-wrapper\"><p>[vc_row full_width=\u00a0\u00bbstretch_row_content_no_spaces\u00a0\u00bb full_height=\u00a0\u00bbyes\u00a0\u00bb content_placement=\u00a0\u00bbmiddle\u00a0\u00bb css=\u00a0\u00bb.vc_custom_1561446376095{margin-top: -70px !important;margin-bottom: 0px !important;padding-top: 0px !important;padding-bottom: 0px !important;}\u00a0\u00bb][vc_column parallax=\u00a0\u00bbcontent-moving\u00a0\u00bb parallax_image=\u00a0\u00bb275&Prime; css_animation=\u00a0\u00bbfadeIn\u00a0\u00bb width=\u00a0\u00bb1\/2&Prime; offset=\u00a0\u00bbvc_hidden-xs\u00a0\u00bb el_class=\u00a0\u00bbdamier\u00a0\u00bb][\/vc_column][vc_column width=\u00a0\u00bb1\/2&Prime; el_class=\u00a0\u00bbcolonneTexte\u00a0\u00bb css=\u00a0\u00bb.vc_custom_1561619913967{margin-top: 30px !important;margin-bottom: 0px !important;padding-bottom: 0px !important;}\u00a0\u00bb][vc_custom_heading text=\u00a0\u00bbRejoignez notre marketplace Click\u2019nDeal et d\u00e9velopper votre chiffre d&rsquo;affaire.\u00a0\u00bb font_container=\u00a0\u00bbtag:h2|font_size:35|text_align:left|line_height:1.2&Prime; use_theme_fonts=\u00a0\u00bbyes\u00a0\u00bb css_animation=\u00a0\u00bbfadeInDown\u00a0\u00bb][vc_empty_space height=\u00a0\u00bb15px\u00a0\u00bb][vc_column_text css_animation=\u00a0\u00bbfadeIn\u00a0\u00bb css=\u00a0\u00bb.vc_custom_1562676082499{margin-top: 0px !important;margin-bottom: 0px !important;padding-top: 0px !important;padding-bottom: 0px !important;}\u00a0\u00bb]Vendez vos produits sur notre plate-forme d\u00e9di\u00e9e au mat\u00e9riel high-tech neuf, reconditionn\u00e9 et d\u2019occasion, gagnez en visibilit\u00e9 et en chiffre d\u2019affaire.[\/vc_column_text][vc_empty_space][vc_btn title=\u00a0\u00bbContactez-nous\u00a0\u00bb style=\u00a0\u00bboutline-custom\u00a0\u00bb outline_custom_color=\u00a0\u00bb#118acb\u00a0\u00bb outline_custom_hover_background=\u00a0\u00bb#118acb\u00a0\u00bb outline_custom_hover_text=\u00a0\u00bb#ffffff\u00a0\u00bb align=\u00a0\u00bbleft\u00a0\u00bb css_animation=\u00a0\u00bbfadeInUp\u00a0\u00bb el_class=\u00a0\u00bbbtnBlanc\u00a0\u00bb link=\u00a0\u00bburl:https%3A%2F%2Fwww.smart-technology.uk.com%2Ffr%2Fcontact%2F%3Fsujet%3DRenseignement%2520Clic%2527n%2527deal|title:Contact||\u00a0\u00bb][\/vc_column][\/vc_row][vc_row full_width=\u00a0\u00bbstretch_row_content_no_spaces\u00a0\u00bb content_placement=\u00a0\u00bbmiddle\u00a0\u00bb css=\u00a0\u00bb.vc_custom_1561387424376{margin-top: 0px !important;margin-bottom: 0px !important;padding-top: 0px !important;padding-bottom: 0px !important;}\u00a0\u00bb][vc_column offset=\u00a0\u00bbvc_hidden-lg vc_hidden-md vc_hidden-sm\u00a0\u00bb css=\u00a0\u00bb.vc_custom_1561387172471{margin-top: 0px !important;margin-bottom: 0px !important;padding-top: 0px !important;padding-bottom: 0px !important;}\u00a0\u00bb][vc_single_image image=\u00a0\u00bb275&Prime; img_size=\u00a0\u00bbfull\u00a0\u00bb alignment=\u00a0\u00bbright\u00a0\u00bb css_animation=\u00a0\u00bbfadeIn\u00a0\u00bb image_hovers=\u00a0\u00bbfalse\u00a0\u00bb css=\u00a0\u00bb.vc_custom_1561628642732{margin-top: 20px !important;margin-bottom: 30px !important;}\u00a0\u00bb][\/vc_column][\/vc_row][vc_row full_width=\u00a0\u00bbstretch_row_content_no_spaces\u00a0\u00bb full_height=\u00a0\u00bbyes\u00a0\u00bb content_placement=\u00a0\u00bbmiddle\u00a0\u00bb el_class=\u00a0\u00bbpresentationColonne\u00a0\u00bb css=\u00a0\u00bb.vc_custom_1561387286203{margin-top: 0px !important;margin-bottom: 0px !important;padding-top: 0px !important;padding-bottom: 0px !important;}\u00a0\u00bb][vc_column width=\u00a0\u00bb1\/2&Prime; el_class=\u00a0\u00bbcolonneTexte\u00a0\u00bb css=\u00a0\u00bb.vc_custom_1561620045710{margin-top: 30px !important;}\u00a0\u00bb][vc_custom_heading text=\u00a0\u00bbDevenez distributeur de nos produits.\u00a0\u00bb font_container=\u00a0\u00bbtag:h2|font_size:35|text_align:left|line_height:1.2&Prime; use_theme_fonts=\u00a0\u00bbyes\u00a0\u00bb css_animation=\u00a0\u00bbfadeInDown\u00a0\u00bb][vc_empty_space height=\u00a0\u00bb15px\u00a0\u00bb][vc_column_text css_animation=\u00a0\u00bbfadeIn\u00a0\u00bb css=\u00a0\u00bb.vc_custom_1562676151803{margin-top: 0px !important;margin-bottom: 0px !important;padding-top: 0px !important;padding-bottom: 0px !important;}\u00a0\u00bb]Nous vous offrons des mobiles et tablettes neuf et d\u2019occasion allant de grade A+ \u00e0 C enti\u00e8rement teste et valide conforme par notre \u00e9quipe qualit\u00e9. B\u00e9n\u00e9ficiez d\u2019une garantie professionnelle de 20 jours.[\/vc_column_text][vc_empty_space][vc_btn title=\u00a0\u00bbContactez-nous\u00a0\u00bb style=\u00a0\u00bboutline-custom\u00a0\u00bb outline_custom_color=\u00a0\u00bb#118acb\u00a0\u00bb outline_custom_hover_background=\u00a0\u00bb#118acb\u00a0\u00bb outline_custom_hover_text=\u00a0\u00bb#ffffff\u00a0\u00bb align=\u00a0\u00bbleft\u00a0\u00bb css_animation=\u00a0\u00bbfadeInUp\u00a0\u00bb el_class=\u00a0\u00bbbtnBlanc\u00a0\u00bb link=\u00a0\u00bburl:https%3A%2F%2Fwww.smart-technology.uk.com%2Ffr%2Fcontact%2F%3Fsujet%3DRenseignement%2520distributeur%2520de%2520produits%2520reconditionn%C3%A9s|title:Contact||\u00a0\u00bb][\/vc_column][vc_column parallax=\u00a0\u00bbcontent-moving\u00a0\u00bb parallax_image=\u00a0\u00bb274&Prime; css_animation=\u00a0\u00bbfadeIn\u00a0\u00bb width=\u00a0\u00bb1\/2&Prime; offset=\u00a0\u00bbvc_hidden-xs\u00a0\u00bb el_class=\u00a0\u00bbdamier\u00a0\u00bb][\/vc_column][\/vc_row][vc_row full_width=\u00a0\u00bbstretch_row_content_no_spaces\u00a0\u00bb][vc_column offset=\u00a0\u00bbvc_hidden-lg vc_hidden-md vc_hidden-sm\u00a0\u00bb][vc_single_image image=\u00a0\u00bb274&Prime; img_size=\u00a0\u00bbfull\u00a0\u00bb alignment=\u00a0\u00bbright\u00a0\u00bb css_animation=\u00a0\u00bbfadeIn\u00a0\u00bb image_hovers=\u00a0\u00bbfalse\u00a0\u00bb css=\u00a0\u00bb.vc_custom_1561628667253{margin-top: 20px !important;}\u00a0\u00bb][\/vc_column][\/vc_row]<\/p>\n<\/div>","protected":false},"excerpt":{"rendered":"<p>[vc_row full_width=\u00a0\u00bbstretch_row_content_no_spaces\u00a0\u00bb full_height=\u00a0\u00bbyes\u00a0\u00bb content_placement=\u00a0\u00bbmiddle\u00a0\u00bb css=\u00a0\u00bb.vc_custom_1561446376095{margin-top: -70px !important;margin-bottom: 0px !important;padding-top: 0px !important;padding-bottom: 0px !important;}\u00a0\u00bb][vc_column parallax=\u00a0\u00bbcontent-moving\u00a0\u00bb parallax_image=\u00a0\u00bb275&Prime; css_animation=\u00a0\u00bbfadeIn\u00a0\u00bb width=\u00a0\u00bb1\/2&Prime; offset=\u00a0\u00bbvc_hidden-xs\u00a0\u00bb el_class=\u00a0\u00bbdamier\u00a0\u00bb][\/vc_column][vc_column width=\u00a0\u00bb1\/2&Prime; el_class=\u00a0\u00bbcolonneTexte\u00a0\u00bb css=\u00a0\u00bb.vc_custom_1561619913967{margin-top: 30px !important;margin-bottom: 0px !important;padding-bottom: 0px !important;}\u00a0\u00bb][vc_custom_heading text=\u00a0\u00bbRejoignez notre marketplace Click\u2019nDeal et d\u00e9velopper votre chiffre d&rsquo;affaire.\u00a0\u00bb font_container=\u00a0\u00bbtag:h2|font_size:35|text_align:left|line_height:1.2&Prime; use_theme_fonts=\u00a0\u00bbyes\u00a0\u00bb css_animation=\u00a0\u00bbfadeInDown\u00a0\u00bb][vc_empty_space height=\u00a0\u00bb15px\u00a0\u00bb][vc_column_text css_animation=\u00a0\u00bbfadeIn\u00a0\u00bb css=\u00a0\u00bb.vc_custom_1562676082499{margin-top: 0px !important;margin-bottom: 0px !important;padding-top: 0px !important;padding-bottom: 0px !important;}\u00a0\u00bb]Vendez vos produits sur notre&hellip;<\/p>\n","protected":false},"author":4,"featured_media":205,"parent":0,"menu_order":5,"comment_status":"closed","ping_status":"closed","template":"","meta":{"footnotes":""},"class_list":["post-203","page","type-page","status-publish","has-post-thumbnail","hentry","description-off"],"yoast_head":"<!-- This site is optimized with the Yoast SEO plugin v27.0 - https:\/\/yoast.com\/product\/yoast-seo-wordpress\/ -->\n<title>Professionnels | Smart Technology, expert en seconde vie pour mobile<\/title>\n<meta name=\"description\" content=\"D\u00e9couvrez nos solutions pour professionnels. Rejoignez notre marketplace Clicndeal ou devenez distributeur de nos produits.\" \/>\n<meta name=\"robots\" content=\"index, follow, max-snippet:-1, max-image-preview:large, max-video-preview:-1\" \/>\n<link rel=\"canonical\" href=\"https:\/\/www.smart-technology.uk.com\/fr\/professionnels\/\" \/>\n<meta property=\"og:locale\" content=\"fr_FR\" \/>\n<meta property=\"og:type\" content=\"article\" \/>\n<meta property=\"og:title\" content=\"Professionnels | Smart Technology, expert en seconde vie pour mobile\" \/>\n<meta property=\"og:description\" content=\"D\u00e9couvrez nos solutions pour professionnels. Rejoignez notre marketplace Clicndeal ou devenez distributeur de nos produits.\" \/>\n<meta property=\"og:url\" content=\"https:\/\/www.smart-technology.uk.com\/fr\/professionnels\/\" \/>\n<meta property=\"og:site_name\" content=\"Smart Technology\" \/>\n<meta property=\"article:modified_time\" content=\"2019-07-18T12:02:03+00:00\" \/>\n<meta property=\"og:image\" content=\"https:\/\/www.smart-technology.uk.com\/wp-content\/uploads\/2019\/06\/opengraph.png\" \/>\n\t<meta property=\"og:image:width\" content=\"1200\" \/>\n\t<meta property=\"og:image:height\" content=\"630\" \/>\n\t<meta property=\"og:image:type\" content=\"image\/png\" \/>\n<meta name=\"twitter:card\" content=\"summary_large_image\" \/>\n<meta name=\"twitter:label1\" content=\"Dur\u00e9e de lecture estim\u00e9e\" \/>\n\t<meta name=\"twitter:data1\" content=\"3 minutes\" \/>\n<script type=\"application\/ld+json\" class=\"yoast-schema-graph\">{\"@context\":\"https:\/\/schema.org\",\"@graph\":[{\"@type\":\"WebPage\",\"@id\":\"https:\/\/www.smart-technology.uk.com\/fr\/professionnels\/\",\"url\":\"https:\/\/www.smart-technology.uk.com\/fr\/professionnels\/\",\"name\":\"Professionnels | Smart Technology, expert en seconde vie pour mobile\",\"isPartOf\":{\"@id\":\"https:\/\/www.smart-technology.uk.com\/fr\/#website\"},\"primaryImageOfPage\":{\"@id\":\"https:\/\/www.smart-technology.uk.com\/fr\/professionnels\/#primaryimage\"},\"image\":{\"@id\":\"https:\/\/www.smart-technology.uk.com\/fr\/professionnels\/#primaryimage\"},\"thumbnailUrl\":\"https:\/\/www.smart-technology.uk.com\/wp-content\/uploads\/2019\/06\/opengraph.png\",\"datePublished\":\"2019-06-24T14:59:30+00:00\",\"dateModified\":\"2019-07-18T12:02:03+00:00\",\"description\":\"D\u00e9couvrez nos solutions pour professionnels. Rejoignez notre marketplace Clicndeal ou devenez distributeur de nos produits.\",\"breadcrumb\":{\"@id\":\"https:\/\/www.smart-technology.uk.com\/fr\/professionnels\/#breadcrumb\"},\"inLanguage\":\"fr-FR\",\"potentialAction\":[{\"@type\":\"ReadAction\",\"target\":[\"https:\/\/www.smart-technology.uk.com\/fr\/professionnels\/\"]}]},{\"@type\":\"ImageObject\",\"inLanguage\":\"fr-FR\",\"@id\":\"https:\/\/www.smart-technology.uk.com\/fr\/professionnels\/#primaryimage\",\"url\":\"https:\/\/www.smart-technology.uk.com\/wp-content\/uploads\/2019\/06\/opengraph.png\",\"contentUrl\":\"https:\/\/www.smart-technology.uk.com\/wp-content\/uploads\/2019\/06\/opengraph.png\",\"width\":1200,\"height\":630,\"caption\":\"Smart Technology\"},{\"@type\":\"BreadcrumbList\",\"@id\":\"https:\/\/www.smart-technology.uk.com\/fr\/professionnels\/#breadcrumb\",\"itemListElement\":[{\"@type\":\"ListItem\",\"position\":1,\"name\":\"Accueil\",\"item\":\"https:\/\/www.smart-technology.uk.com\/fr\/sample-page\/\"},{\"@type\":\"ListItem\",\"position\":2,\"name\":\"Professionnels\"}]},{\"@type\":\"WebSite\",\"@id\":\"https:\/\/www.smart-technology.uk.com\/fr\/#website\",\"url\":\"https:\/\/www.smart-technology.uk.com\/fr\/\",\"name\":\"Smart Technology\",\"description\":\"Expert en seconde vie pour la technologie mobile\",\"publisher\":{\"@id\":\"https:\/\/www.smart-technology.uk.com\/fr\/#organization\"},\"potentialAction\":[{\"@type\":\"SearchAction\",\"target\":{\"@type\":\"EntryPoint\",\"urlTemplate\":\"https:\/\/www.smart-technology.uk.com\/fr\/?s={search_term_string}\"},\"query-input\":{\"@type\":\"PropertyValueSpecification\",\"valueRequired\":true,\"valueName\":\"search_term_string\"}}],\"inLanguage\":\"fr-FR\"},{\"@type\":\"Organization\",\"@id\":\"https:\/\/www.smart-technology.uk.com\/fr\/#organization\",\"name\":\"Smart Technology\",\"url\":\"https:\/\/www.smart-technology.uk.com\/fr\/\",\"logo\":{\"@type\":\"ImageObject\",\"inLanguage\":\"fr-FR\",\"@id\":\"https:\/\/www.smart-technology.uk.com\/fr\/#\/schema\/logo\/image\/\",\"url\":\"https:\/\/www.smart-technology.uk.com\/wp-content\/uploads\/2019\/06\/smart-technology-app-touch-icon.png\",\"contentUrl\":\"https:\/\/www.smart-technology.uk.com\/wp-content\/uploads\/2019\/06\/smart-technology-app-touch-icon.png\",\"width\":250,\"height\":250,\"caption\":\"Smart Technology\"},\"image\":{\"@id\":\"https:\/\/www.smart-technology.uk.com\/fr\/#\/schema\/logo\/image\/\"}}]}<\/script>\n<!-- \/ Yoast SEO plugin. -->","yoast_head_json":{"title":"Professionnels | Smart Technology, expert en seconde vie pour mobile","description":"D\u00e9couvrez nos solutions pour professionnels. Rejoignez notre marketplace Clicndeal ou devenez distributeur de nos produits.","robots":{"index":"index","follow":"follow","max-snippet":"max-snippet:-1","max-image-preview":"max-image-preview:large","max-video-preview":"max-video-preview:-1"},"canonical":"https:\/\/www.smart-technology.uk.com\/fr\/professionnels\/","og_locale":"fr_FR","og_type":"article","og_title":"Professionnels | Smart Technology, expert en seconde vie pour mobile","og_description":"D\u00e9couvrez nos solutions pour professionnels. Rejoignez notre marketplace Clicndeal ou devenez distributeur de nos produits.","og_url":"https:\/\/www.smart-technology.uk.com\/fr\/professionnels\/","og_site_name":"Smart Technology","article_modified_time":"2019-07-18T12:02:03+00:00","og_image":[{"width":1200,"height":630,"url":"https:\/\/www.smart-technology.uk.com\/wp-content\/uploads\/2019\/06\/opengraph.png","type":"image\/png"}],"twitter_card":"summary_large_image","twitter_misc":{"Dur\u00e9e de lecture estim\u00e9e":"3 minutes"},"schema":{"@context":"https:\/\/schema.org","@graph":[{"@type":"WebPage","@id":"https:\/\/www.smart-technology.uk.com\/fr\/professionnels\/","url":"https:\/\/www.smart-technology.uk.com\/fr\/professionnels\/","name":"Professionnels | Smart Technology, expert en seconde vie pour mobile","isPartOf":{"@id":"https:\/\/www.smart-technology.uk.com\/fr\/#website"},"primaryImageOfPage":{"@id":"https:\/\/www.smart-technology.uk.com\/fr\/professionnels\/#primaryimage"},"image":{"@id":"https:\/\/www.smart-technology.uk.com\/fr\/professionnels\/#primaryimage"},"thumbnailUrl":"https:\/\/www.smart-technology.uk.com\/wp-content\/uploads\/2019\/06\/opengraph.png","datePublished":"2019-06-24T14:59:30+00:00","dateModified":"2019-07-18T12:02:03+00:00","description":"D\u00e9couvrez nos solutions pour professionnels. Rejoignez notre marketplace Clicndeal ou devenez distributeur de nos produits.","breadcrumb":{"@id":"https:\/\/www.smart-technology.uk.com\/fr\/professionnels\/#breadcrumb"},"inLanguage":"fr-FR","potentialAction":[{"@type":"ReadAction","target":["https:\/\/www.smart-technology.uk.com\/fr\/professionnels\/"]}]},{"@type":"ImageObject","inLanguage":"fr-FR","@id":"https:\/\/www.smart-technology.uk.com\/fr\/professionnels\/#primaryimage","url":"https:\/\/www.smart-technology.uk.com\/wp-content\/uploads\/2019\/06\/opengraph.png","contentUrl":"https:\/\/www.smart-technology.uk.com\/wp-content\/uploads\/2019\/06\/opengraph.png","width":1200,"height":630,"caption":"Smart Technology"},{"@type":"BreadcrumbList","@id":"https:\/\/www.smart-technology.uk.com\/fr\/professionnels\/#breadcrumb","itemListElement":[{"@type":"ListItem","position":1,"name":"Accueil","item":"https:\/\/www.smart-technology.uk.com\/fr\/sample-page\/"},{"@type":"ListItem","position":2,"name":"Professionnels"}]},{"@type":"WebSite","@id":"https:\/\/www.smart-technology.uk.com\/fr\/#website","url":"https:\/\/www.smart-technology.uk.com\/fr\/","name":"Smart Technology","description":"Expert en seconde vie pour la technologie mobile","publisher":{"@id":"https:\/\/www.smart-technology.uk.com\/fr\/#organization"},"potentialAction":[{"@type":"SearchAction","target":{"@type":"EntryPoint","urlTemplate":"https:\/\/www.smart-technology.uk.com\/fr\/?s={search_term_string}"},"query-input":{"@type":"PropertyValueSpecification","valueRequired":true,"valueName":"search_term_string"}}],"inLanguage":"fr-FR"},{"@type":"Organization","@id":"https:\/\/www.smart-technology.uk.com\/fr\/#organization","name":"Smart Technology","url":"https:\/\/www.smart-technology.uk.com\/fr\/","logo":{"@type":"ImageObject","inLanguage":"fr-FR","@id":"https:\/\/www.smart-technology.uk.com\/fr\/#\/schema\/logo\/image\/","url":"https:\/\/www.smart-technology.uk.com\/wp-content\/uploads\/2019\/06\/smart-technology-app-touch-icon.png","contentUrl":"https:\/\/www.smart-technology.uk.com\/wp-content\/uploads\/2019\/06\/smart-technology-app-touch-icon.png","width":250,"height":250,"caption":"Smart Technology"},"image":{"@id":"https:\/\/www.smart-technology.uk.com\/fr\/#\/schema\/logo\/image\/"}}]}},"_links":{"self":[{"href":"https:\/\/www.smart-technology.uk.com\/fr\/wp-json\/wp\/v2\/pages\/203","targetHints":{"allow":["GET"]}}],"collection":[{"href":"https:\/\/www.smart-technology.uk.com\/fr\/wp-json\/wp\/v2\/pages"}],"about":[{"href":"https:\/\/www.smart-technology.uk.com\/fr\/wp-json\/wp\/v2\/types\/page"}],"author":[{"embeddable":true,"href":"https:\/\/www.smart-technology.uk.com\/fr\/wp-json\/wp\/v2\/users\/4"}],"replies":[{"embeddable":true,"href":"https:\/\/www.smart-technology.uk.com\/fr\/wp-json\/wp\/v2\/comments?post=203"}],"version-history":[{"count":28,"href":"https:\/\/www.smart-technology.uk.com\/fr\/wp-json\/wp\/v2\/pages\/203\/revisions"}],"predecessor-version":[{"id":486,"href":"https:\/\/www.smart-technology.uk.com\/fr\/wp-json\/wp\/v2\/pages\/203\/revisions\/486"}],"wp:featuredmedia":[{"embeddable":true,"href":"https:\/\/www.smart-technology.uk.com\/fr\/wp-json\/wp\/v2\/media\/205"}],"wp:attachment":[{"href":"https:\/\/www.smart-technology.uk.com\/fr\/wp-json\/wp\/v2\/media?parent=203"}],"curies":[{"name":"wp","href":"https:\/\/api.w.org\/{rel}","templated":true}]}}